{"id":118,"date":"2024-02-13T18:50:27","date_gmt":"2024-02-13T17:50:27","guid":{"rendered":"http:\/\/xn--sv-mhlhausen-glb.de\/fit-fun\/?page_id=118"},"modified":"2025-04-21T09:29:48","modified_gmt":"2025-04-21T07:29:48","slug":"lauftreff","status":"publish","type":"page","link":"https:\/\/xn--sv-mhlhausen-glb.de\/fit-fun\/lauftreff\/","title":{"rendered":"Lauftreff"},"content":{"rendered":"\n<p>Du bist auf der Suche nach einer neuen Herausforderung oder m\u00f6chtest nicht alleine Laufen? Dann komm zum Lauftreff M\u00fchlhausen. <\/p>\n\n\n\n<p>F\u00fcr alle Laufbegeisterte, Hobbysportler und Anf\u00e4nger geeignet. <\/p>\n\n\n\n<p>Immer montags um 18.00 Uhr<\/p>\n\n\n\n<p>Treffpunkt Sportheim, Drahtgasse 17, 93333 M\u00fchlhausen<\/p>\n\n\n\n<p><\/p>\n\n\n\n<div class=\"wp-block-cover\"><span aria-hidden=\"true\" class=\"wp-block-cover__background has-background-dim\"><\/span><img loading=\"lazy\" decoding=\"async\" width=\"768\" height=\"1024\" class=\"wp-block-cover__image-background wp-image-58\" alt=\"\" src=\"http:\/\/xn--sv-mhlhausen-glb.de\/fit-fun\/wp-content\/uploads\/sites\/8\/2024\/02\/Laufen-Strecke-Foto-1-768x1024.jpg\" data-object-fit=\"cover\" srcset=\"https:\/\/xn--sv-mhlhausen-glb.de\/fit-fun\/wp-content\/uploads\/sites\/8\/2024\/02\/Laufen-Strecke-Foto-1-768x1024.jpg 768w, https:\/\/xn--sv-mhlhausen-glb.de\/fit-fun\/wp-content\/uploads\/sites\/8\/2024\/02\/Laufen-Strecke-Foto-1-225x300.jpg 225w, https:\/\/xn--sv-mhlhausen-glb.de\/fit-fun\/wp-content\/uploads\/sites\/8\/2024\/02\/Laufen-Strecke-Foto-1-1152x1536.jpg 1152w, https:\/\/xn--sv-mhlhausen-glb.de\/fit-fun\/wp-content\/uploads\/sites\/8\/2024\/02\/Laufen-Strecke-Foto-1-1536x2048.jpg 1536w, https:\/\/xn--sv-mhlhausen-glb.de\/fit-fun\/wp-content\/uploads\/sites\/8\/2024\/02\/Laufen-Strecke-Foto-1-203x270.jpg 203w, https:\/\/xn--sv-mhlhausen-glb.de\/fit-fun\/wp-content\/uploads\/sites\/8\/2024\/02\/Laufen-Strecke-Foto-1-scaled.jpg 1920w\" sizes=\"auto, (max-width: 768px) 100vw, 768px\" \/><div class=\"wp-block-cover__inner-container is-layout-flow wp-block-cover-is-layout-flow\">\n<p class=\"has-text-align-center has-large-font-size\">Wir freuen uns auf Dich!<\/p>\n<\/div><\/div>\n\n\n\n<p><\/p>\n","protected":false},"excerpt":{"rendered":"<p>Du bist auf der Suche nach einer neuen Herausforderung oder m\u00f6chtest nicht alleine Laufen? Dann komm zum Lauftreff M\u00fchlhausen. F\u00fcr alle Laufbegeisterte, Hobbysportler und Anf\u00e4nger geeignet. Immer montags um 18.00 Uhr Treffpunkt Sportheim, Drahtgasse 17, 93333 M\u00fchlhausen<\/p>\n","protected":false},"author":5,"featured_media":0,"parent":0,"menu_order":0,"comment_status":"closed","ping_status":"closed","template":"","meta":{"ngg_post_thumbnail":0,"footnotes":""},"class_list":["post-118","page","type-page","status-publish","hentry"],"_links":{"self":[{"href":"https:\/\/xn--sv-mhlhausen-glb.de\/fit-fun\/wp-json\/wp\/v2\/pages\/118","targetHints":{"allow":["GET"]}}],"collection":[{"href":"https:\/\/xn--sv-mhlhausen-glb.de\/fit-fun\/wp-json\/wp\/v2\/pages"}],"about":[{"href":"https:\/\/xn--sv-mhlhausen-glb.de\/fit-fun\/wp-json\/wp\/v2\/types\/page"}],"author":[{"embeddable":true,"href":"https:\/\/xn--sv-mhlhausen-glb.de\/fit-fun\/wp-json\/wp\/v2\/users\/5"}],"replies":[{"embeddable":true,"href":"https:\/\/xn--sv-mhlhausen-glb.de\/fit-fun\/wp-json\/wp\/v2\/comments?post=118"}],"version-history":[{"count":9,"href":"https:\/\/xn--sv-mhlhausen-glb.de\/fit-fun\/wp-json\/wp\/v2\/pages\/118\/revisions"}],"predecessor-version":[{"id":314,"href":"https:\/\/xn--sv-mhlhausen-glb.de\/fit-fun\/wp-json\/wp\/v2\/pages\/118\/revisions\/314"}],"wp:attachment":[{"href":"https:\/\/xn--sv-mhlhausen-glb.de\/fit-fun\/wp-json\/wp\/v2\/media?parent=118"}],"curies":[{"name":"wp","href":"https:\/\/api.w.org\/{rel}","templated":true}]}}