{"id":105,"date":"2016-02-03T14:57:57","date_gmt":"2016-02-03T13:57:57","guid":{"rendered":"http:\/\/xn--sv-mhlhausen-glb.de\/fussball\/?page_id=105"},"modified":"2024-03-28T13:26:35","modified_gmt":"2024-03-28T12:26:35","slug":"d-jugend-ii","status":"publish","type":"page","link":"https:\/\/xn--sv-mhlhausen-glb.de\/fussball\/jfg-abensthal\/d-jugend-ii\/","title":{"rendered":"E-Jugend"},"content":{"rendered":"\n<p><\/p>\n\n\n\n<p>Training:<\/p>\n\n\n\n<p>Dienstag, 17:00 Uhr &#8211; 18:30 Uhr in Neustadt + 17:15 &#8211; 18:45 Uhr in M\u00fchlhausen<br>Donnerstag, 17:00 Uhr &#8211; 18:30 Uhr in M\u00fchlhausen + 17:15 &#8211; 18:45 Uhr in Neustadt<\/p>\n\n\n\n<p>Kontakt: e-jugend@sv-m\u00fchlhausen.de <\/p>\n","protected":false},"excerpt":{"rendered":"<p>Training: Dienstag, 17:00 Uhr &#8211; 18:30 Uhr in Neustadt + 17:15 &#8211; 18:45 Uhr in M\u00fchlhausenDonnerstag, 17:00 Uhr &#8211; 18:30 Uhr in M\u00fchlhausen + 17:15 &#8211; 18:45 Uhr in Neustadt Kontakt: e-jugend@sv-m\u00fchlhausen.de<\/p>\n","protected":false},"author":1,"featured_media":0,"parent":13,"menu_order":0,"comment_status":"closed","ping_status":"closed","template":"","meta":{"ngg_post_thumbnail":0,"footnotes":""},"class_list":["post-105","page","type-page","status-publish","hentry"],"_links":{"self":[{"href":"https:\/\/xn--sv-mhlhausen-glb.de\/fussball\/wp-json\/wp\/v2\/pages\/105","targetHints":{"allow":["GET"]}}],"collection":[{"href":"https:\/\/xn--sv-mhlhausen-glb.de\/fussball\/wp-json\/wp\/v2\/pages"}],"about":[{"href":"https:\/\/xn--sv-mhlhausen-glb.de\/fussball\/wp-json\/wp\/v2\/types\/page"}],"author":[{"embeddable":true,"href":"https:\/\/xn--sv-mhlhausen-glb.de\/fussball\/wp-json\/wp\/v2\/users\/1"}],"replies":[{"embeddable":true,"href":"https:\/\/xn--sv-mhlhausen-glb.de\/fussball\/wp-json\/wp\/v2\/comments?post=105"}],"version-history":[{"count":6,"href":"https:\/\/xn--sv-mhlhausen-glb.de\/fussball\/wp-json\/wp\/v2\/pages\/105\/revisions"}],"predecessor-version":[{"id":899,"href":"https:\/\/xn--sv-mhlhausen-glb.de\/fussball\/wp-json\/wp\/v2\/pages\/105\/revisions\/899"}],"up":[{"embeddable":true,"href":"https:\/\/xn--sv-mhlhausen-glb.de\/fussball\/wp-json\/wp\/v2\/pages\/13"}],"wp:attachment":[{"href":"https:\/\/xn--sv-mhlhausen-glb.de\/fussball\/wp-json\/wp\/v2\/media?parent=105"}],"curies":[{"name":"wp","href":"https:\/\/api.w.org\/{rel}","templated":true}]}}