{"id":201,"date":"2016-03-23T16:59:09","date_gmt":"2016-03-23T15:59:09","guid":{"rendered":"http:\/\/xn--sv-mhlhausen-glb.de\/skiclub\/?page_id=201"},"modified":"2023-04-04T21:28:55","modified_gmt":"2023-04-04T19:28:55","slug":"wattturnier","status":"publish","type":"page","link":"https:\/\/xn--sv-mhlhausen-glb.de\/skiclub\/wattturnier\/","title":{"rendered":"Wattturnier"},"content":{"rendered":"<h4 style=\"text-align: center\"><span style=\"color: #000000\">Seit 2015 veranstaltet der Skiclub M\u00fchlhausen ein Wattturnier im Sport- und Sch\u00fctzenheim M\u00fchlhausen.<\/span><\/h4>\n<h4 style=\"text-align: center\"><span style=\"color: #000000\">Am Samstag, 22.04.2023 findet das n\u00e4chste Wattturnier statt!!!<\/span><\/h4>\n\n\n<figure class=\"wp-block-image size-large\"><img loading=\"lazy\" decoding=\"async\" width=\"739\" height=\"1024\" src=\"http:\/\/xn--sv-mhlhausen-glb.de\/skiclub\/wp-content\/uploads\/sites\/4\/2023\/04\/IMG_6700-739x1024.jpg\" alt=\"Flyer\" class=\"wp-image-2726\" srcset=\"https:\/\/xn--sv-mhlhausen-glb.de\/skiclub\/wp-content\/uploads\/sites\/4\/2023\/04\/IMG_6700-739x1024.jpg 739w, https:\/\/xn--sv-mhlhausen-glb.de\/skiclub\/wp-content\/uploads\/sites\/4\/2023\/04\/IMG_6700-217x300.jpg 217w, https:\/\/xn--sv-mhlhausen-glb.de\/skiclub\/wp-content\/uploads\/sites\/4\/2023\/04\/IMG_6700-768x1064.jpg 768w, https:\/\/xn--sv-mhlhausen-glb.de\/skiclub\/wp-content\/uploads\/sites\/4\/2023\/04\/IMG_6700-1109x1536.jpg 1109w, https:\/\/xn--sv-mhlhausen-glb.de\/skiclub\/wp-content\/uploads\/sites\/4\/2023\/04\/IMG_6700-195x270.jpg 195w, https:\/\/xn--sv-mhlhausen-glb.de\/skiclub\/wp-content\/uploads\/sites\/4\/2023\/04\/IMG_6700.jpg 1170w\" sizes=\"auto, (max-width: 739px) 100vw, 739px\" \/><\/figure>\n","protected":false},"excerpt":{"rendered":"<p>Seit 2015 veranstaltet der Skiclub M\u00fchlhausen ein Wattturnier im Sport- und Sch\u00fctzenheim M\u00fchlhausen. Am Samstag, 22.04.2023 findet das n\u00e4chste Wattturnier statt!!!<\/p>\n","protected":false},"author":3,"featured_media":0,"parent":0,"menu_order":0,"comment_status":"closed","ping_status":"closed","template":"","meta":{"ngg_post_thumbnail":0,"footnotes":""},"class_list":["post-201","page","type-page","status-publish","hentry"],"_links":{"self":[{"href":"https:\/\/xn--sv-mhlhausen-glb.de\/skiclub\/wp-json\/wp\/v2\/pages\/201","targetHints":{"allow":["GET"]}}],"collection":[{"href":"https:\/\/xn--sv-mhlhausen-glb.de\/skiclub\/wp-json\/wp\/v2\/pages"}],"about":[{"href":"https:\/\/xn--sv-mhlhausen-glb.de\/skiclub\/wp-json\/wp\/v2\/types\/page"}],"author":[{"embeddable":true,"href":"https:\/\/xn--sv-mhlhausen-glb.de\/skiclub\/wp-json\/wp\/v2\/users\/3"}],"replies":[{"embeddable":true,"href":"https:\/\/xn--sv-mhlhausen-glb.de\/skiclub\/wp-json\/wp\/v2\/comments?post=201"}],"version-history":[{"count":10,"href":"https:\/\/xn--sv-mhlhausen-glb.de\/skiclub\/wp-json\/wp\/v2\/pages\/201\/revisions"}],"predecessor-version":[{"id":2729,"href":"https:\/\/xn--sv-mhlhausen-glb.de\/skiclub\/wp-json\/wp\/v2\/pages\/201\/revisions\/2729"}],"wp:attachment":[{"href":"https:\/\/xn--sv-mhlhausen-glb.de\/skiclub\/wp-json\/wp\/v2\/media?parent=201"}],"curies":[{"name":"wp","href":"https:\/\/api.w.org\/{rel}","templated":true}]}}