{"id":207,"date":"2016-03-23T17:05:02","date_gmt":"2016-03-23T16:05:02","guid":{"rendered":"http:\/\/xn--sv-mhlhausen-glb.de\/skiclub\/?page_id=207"},"modified":"2017-04-05T18:55:57","modified_gmt":"2017-04-05T16:55:57","slug":"downloads","status":"publish","type":"page","link":"https:\/\/xn--sv-mhlhausen-glb.de\/skiclub\/downloads\/","title":{"rendered":"Mitglied werden"},"content":{"rendered":"<h3 style=\"text-align: center\"><span style=\"color: #000000\">Werde Mitglied beim Skiclub M\u00fchlhausen und profitiere bei jeder Skifahrt!!!<\/span><\/h3>\n<h3 style=\"text-align: center\"><\/h3>\n<h4 style=\"text-align: center\">Einfach die\u00a0<a href=\"http:\/\/xn--sv-mhlhausen-glb.de\/skiclub\/wp-content\/uploads\/sites\/4\/2016\/03\/Beitrittserkl\u00e4rung.pdf\" rel=\"\">Beitrittserkl\u00e4rung<\/a> herunterladen, ausf\u00fcllen und an <a href=\"mailto:dominic.rothenwoehrer@outlook.de\">Dominic Rothenw\u00f6hrer<\/a> wenden.<\/h4>\n<h4 style=\"text-align: center\">Wer noch nicht Mitglied bei SVM ist, muss zus\u00e4tzlich noch die <a href=\"http:\/\/xn--sv-mhlhausen-glb.de\/skiclub\/wp-content\/uploads\/sites\/4\/2016\/03\/Beitrittserkl\u00e4rung-mit-SEPA-1.pdf\" rel=\"\">Beitrittserkl\u00e4rung SVM<\/a>\u00a0ausf\u00fcllen!<\/h4>\n","protected":false},"excerpt":{"rendered":"<p>Werde Mitglied beim Skiclub M\u00fchlhausen und profitiere bei jeder Skifahrt!!! Einfach die\u00a0Beitrittserkl\u00e4rung herunterladen, ausf\u00fcllen und an Dominic Rothenw\u00f6hrer wenden. Wer noch nicht Mitglied bei SVM ist, muss zus\u00e4tzlich noch die Beitrittserkl\u00e4rung SVM\u00a0ausf\u00fcllen!<\/p>\n","protected":false},"author":3,"featured_media":0,"parent":0,"menu_order":0,"comment_status":"closed","ping_status":"closed","template":"","meta":{"ngg_post_thumbnail":0,"footnotes":""},"class_list":["post-207","page","type-page","status-publish","hentry"],"_links":{"self":[{"href":"https:\/\/xn--sv-mhlhausen-glb.de\/skiclub\/wp-json\/wp\/v2\/pages\/207","targetHints":{"allow":["GET"]}}],"collection":[{"href":"https:\/\/xn--sv-mhlhausen-glb.de\/skiclub\/wp-json\/wp\/v2\/pages"}],"about":[{"href":"https:\/\/xn--sv-mhlhausen-glb.de\/skiclub\/wp-json\/wp\/v2\/types\/page"}],"author":[{"embeddable":true,"href":"https:\/\/xn--sv-mhlhausen-glb.de\/skiclub\/wp-json\/wp\/v2\/users\/3"}],"replies":[{"embeddable":true,"href":"https:\/\/xn--sv-mhlhausen-glb.de\/skiclub\/wp-json\/wp\/v2\/comments?post=207"}],"version-history":[{"count":10,"href":"https:\/\/xn--sv-mhlhausen-glb.de\/skiclub\/wp-json\/wp\/v2\/pages\/207\/revisions"}],"predecessor-version":[{"id":1881,"href":"https:\/\/xn--sv-mhlhausen-glb.de\/skiclub\/wp-json\/wp\/v2\/pages\/207\/revisions\/1881"}],"wp:attachment":[{"href":"https:\/\/xn--sv-mhlhausen-glb.de\/skiclub\/wp-json\/wp\/v2\/media?parent=207"}],"curies":[{"name":"wp","href":"https:\/\/api.w.org\/{rel}","templated":true}]}}